{"id":2323,"date":"2021-06-24T16:54:13","date_gmt":"2021-06-24T14:54:13","guid":{"rendered":"https:\/\/rebecchigroup.it\/histoire\/"},"modified":"2021-06-24T16:54:14","modified_gmt":"2021-06-24T14:54:14","slug":"histoire","status":"publish","type":"page","link":"https:\/\/www.rebecchigroup.it\/fr\/histoire\/","title":{"rendered":"Histoire"},"content":{"rendered":"<div class=\"wpb-content-wrapper\"><p>[vc_row row_height_percent=\u00a0\u00bb65&Prime; override_padding=\u00a0\u00bbyes\u00a0\u00bb h_padding=\u00a0\u00bb2&Prime; top_padding=\u00a0\u00bb2&Prime; bottom_padding=\u00a0\u00bb0&Prime; back_image=\u00a0\u00bb228&Prime; overlay_alpha=\u00a0\u00bb50&Prime; gutter_size=\u00a0\u00bb3&Prime; column_width_percent=\u00a0\u00bb100&Prime; shift_y=\u00a0\u00bb0&Prime; z_index=\u00a0\u00bb0&Prime;][vc_column column_width_percent=\u00a0\u00bb100&Prime; position_horizontal=\u00a0\u00bbleft\u00a0\u00bb position_vertical=\u00a0\u00bbmiddle\u00a0\u00bb gutter_size=\u00a0\u00bb3&Prime; style=\u00a0\u00bbdark\u00a0\u00bb overlay_alpha=\u00a0\u00bb50&Prime; shift_x=\u00a0\u00bb0&Prime; shift_y=\u00a0\u00bb0&Prime; shift_y_down=\u00a0\u00bb0&Prime; z_index=\u00a0\u00bb0&Prime; medium_width=\u00a0\u00bb0&Prime; mobile_width=\u00a0\u00bb0&Prime; width=\u00a0\u00bb1\/1&Prime;][vc_custom_heading heading_semantic=\u00a0\u00bbh1&Prime; text_font=\u00a0\u00bbfont-191080&Prime; text_size=\u00a0\u00bbh1&Prime;]Histoire et innovation[\/vc_custom_heading][\/vc_column][\/vc_row][vc_row][vc_column width=\u00a0\u00bb1\/1&Prime;][vc_column_text]<\/p>\n<h3><span class=\"font-191080\">Nous regardons vers l&rsquo;avenir depuis toujours<\/span><\/h3>\n<p><span class=\"font-191080\">L\u2019entreprise na\u00eet en 1970 comme entreprise individuelle, fond\u00e9e par Pietro Rebecchi qui, \u00e0 26 ans, apr\u00e8s une exp\u00e9rience dans le secteur des ouvriers m\u00e9tallurgistes dans la zone de Piacenza, avec le support de son \u00e9pouse et en suivant les traces de son p\u00e8re, forgeur pour le secteur agricole, d\u00e9cide de suivre sa passion pour la m\u00e9canique.<br \/>\nGr\u00e2ce \u00e0 son talent inn\u00e9, son intelligence aigu\u00eb et curieuse, Pietro a toujours \u00e9t\u00e9 un encouragement de d\u00e9veloppement pour l\u2019entreprise et pour ses collaborateurs, imprimant une direction qui a permis \u00e0 la premi\u00e8re entreprise individuelle d\u2019augmenter jusqu\u2019\u00e0 devenir, apr\u00e8s 50 ans d\u2019activit\u00e9, Rebecchi Group.<br \/>\nRebecchi Group a suivi l\u2019\u00e9volution du march\u00e9 en d\u00e9veloppant nouvelles technologies et services, et aujourd\u2019hui le Groupe est guid\u00e9 avec la passion et la philosophie h\u00e9rit\u00e9es par le fondateur: polyvalence et attention pour le client en utilisant les meilleurs standards technologiques et un engagement total.<br \/>\nLe Groupe a voulu saisir les suggestions et les nouvelles opportunit\u00e9s offertes par le march\u00e9 avec des projets de Durabilit\u00e9 d\u2019entreprise et de Tutelle et int\u00e9gration \u00c9cologique, comme par exemple Hykinetics, pour la valorisation des ressources hydrauliques, et Jois, pour la r\u00e9duction des polluants et le d\u00e9veloppement d\u2019une \u00e9conomie viable dans le secteur agricole.<br \/>\n<\/span>[\/vc_column_text][uncode_list icon=\u00a0\u00bbfa fa-minus\u00a0\u00bb]<\/p>\n<ul>\n<li><strong>1970<\/strong> Fondation de l\u2019entreprise par Pietro Rebecchi et Rita Demalde\u2019<\/li>\n<li><strong>1989<\/strong> Fondation de l\u2019entreprise PR Carpenteria s.n.c.<\/li>\n<li>Depuis <strong>1989<\/strong> L\u2019entreprise commence son expansion, avec des nouveaux rayons et usines<\/li>\n<li><strong>1996<\/strong> L\u2019entreprise COS.B.I. Costruzione Bobine Italia S.r.l. a \u00e9t\u00e9 fond\u00e9e<\/li>\n<li><strong>1998<\/strong> L&rsquo;entreprise TP Officine Meccaniche S.r.l. est acquise<\/li>\n<li><strong>2008<\/strong> Les soci\u00e9t\u00e9s du groupe sont transf\u00e9r\u00e9es dans le m\u00eame centre de production \u00e0 Cadeo \u2013 Piacenza<\/li>\n<li><strong>2014<\/strong> La Holding Rebecchigroup a \u00e9t\u00e9 fond\u00e9e<\/li>\n<li><strong>2014<\/strong> Le Groupe Rebecchi acquiert les certifications UNI EN ISO 9001 :2015 et les certifications EN1090-1<\/li>\n<li><strong>2015<\/strong> Commence le projet HYKINETICS<\/li>\n<li><strong>2018<\/strong> Le syst\u00e8me JOIS est examin\u00e9 et con\u00e7u<\/li>\n<li><strong>2019<\/strong> La politique du Groupe est compl\u00e9t\u00e9e avec l\u2019acquisition des certifications ISO14001 :2015 \u2013 Politique Environnementale, OHSAS 18001 :2007 et ISO 45001 :2018 \u2013 Syst\u00e8me de Gestion de la S\u00e9curit\u00e9<\/li>\n<li><strong>2019<\/strong> Le projet HYKINETICS a \u00e9t\u00e9 approuv\u00e9 dans le cadre de EIC Accelerator Pilot, Programme Cadre H2020 de la Commission Europ\u00e9en, en particulier dans l\u2019appel H2020-EIC-SMEInst-2019-2020-2.<\/li>\n<li><strong>2020<\/strong> Rebecchigroup c\u00e9l\u00e8bre 50 ans d\u2019activit\u00e9.<br \/>\n&lt;\/span&gt;<\/li>\n<\/ul>\n<p>[\/uncode_list][\/vc_column][\/vc_row][vc_row][vc_column width=\u00a0\u00bb1\/1&Prime;][vc_gallery el_id=\u00a0\u00bbgallery-146079&Prime; medias=\u00a0\u00bb478,477,472,476,475,474&Prime; gutter_size=\u00a0\u00bb1&Prime; media_items=\u00a0\u00bbmedia|lightbox|original\u00a0\u00bb screen_lg=\u00a0\u00bb1000&Prime; screen_md=\u00a0\u00bb600&Prime; screen_sm=\u00a0\u00bb480&Prime; single_width=\u00a0\u00bb6&Prime; single_overlay_opacity=\u00a0\u00bb50&Prime; single_padding=\u00a0\u00bb2&Prime;][\/vc_column][\/vc_row]<\/p>\n<\/div>","protected":false},"excerpt":{"rendered":"<p>[vc_row row_height_percent=\u00a0\u00bb65&Prime; override_padding=\u00a0\u00bbyes\u00a0\u00bb h_padding=\u00a0\u00bb2&Prime; top_padding=\u00a0\u00bb2&Prime; bottom_padding=\u00a0\u00bb0&Prime; back_image=\u00a0\u00bb228&Prime; overlay_alpha=\u00a0\u00bb50&Prime; gutter_size=\u00a0\u00bb3&Prime; column_width_percent=\u00a0\u00bb100&Prime; shift_y=\u00a0\u00bb0&Prime; z_index=\u00a0\u00bb0&Prime;][vc_column column_width_percent=\u00a0\u00bb100&Prime; position_horizontal=\u00a0\u00bbleft\u00a0\u00bb position_vertical=\u00a0\u00bbmiddle\u00a0\u00bb gutter_size=\u00a0\u00bb3&Prime; style=\u00a0\u00bbdark\u00a0\u00bb overlay_alpha=\u00a0\u00bb50&Prime; shift_x=\u00a0\u00bb0&Prime; shift_y=\u00a0\u00bb0&Prime; [&hellip;]<\/p>\n","protected":false},"author":1,"featured_media":0,"parent":0,"menu_order":0,"comment_status":"closed","ping_status":"closed","template":"","meta":{"footnotes":""},"class_list":["post-2323","page","type-page","status-publish","hentry"],"yoast_head":"<!-- This site is optimized with the Yoast SEO plugin v27.4 - https:\/\/yoast.com\/product\/yoast-seo-wordpress\/ -->\n<title>Histoire - Rebecchi Group<\/title>\n<meta name=\"robots\" content=\"index, follow, max-snippet:-1, max-image-preview:large, max-video-preview:-1\" \/>\n<link rel=\"canonical\" href=\"https:\/\/www.rebecchigroup.it\/storia\/\" \/>\n<meta property=\"og:locale\" content=\"fr_FR\" \/>\n<meta property=\"og:type\" content=\"article\" \/>\n<meta property=\"og:title\" content=\"Histoire - Rebecchi Group\" \/>\n<meta property=\"og:description\" content=\"[vc_row row_height_percent=\u00a0\u00bb65&Prime; override_padding=\u00a0\u00bbyes\u00a0\u00bb h_padding=\u00a0\u00bb2&Prime; top_padding=\u00a0\u00bb2&Prime; bottom_padding=\u00a0\u00bb0&Prime; back_image=\u00a0\u00bb228&Prime; overlay_alpha=\u00a0\u00bb50&Prime; gutter_size=\u00a0\u00bb3&Prime; column_width_percent=\u00a0\u00bb100&Prime; shift_y=\u00a0\u00bb0&Prime; z_index=\u00a0\u00bb0&Prime;][vc_column column_width_percent=\u00a0\u00bb100&Prime; position_horizontal=\u00a0\u00bbleft\u00a0\u00bb position_vertical=\u00a0\u00bbmiddle\u00a0\u00bb gutter_size=\u00a0\u00bb3&Prime; style=\u00a0\u00bbdark\u00a0\u00bb overlay_alpha=\u00a0\u00bb50&Prime; shift_x=\u00a0\u00bb0&Prime; shift_y=\u00a0\u00bb0&Prime; [&hellip;]\" \/>\n<meta property=\"og:url\" content=\"https:\/\/www.rebecchigroup.it\/storia\/\" \/>\n<meta property=\"og:site_name\" content=\"Rebecchi Group\" \/>\n<meta property=\"article:modified_time\" content=\"2021-06-24T14:54:14+00:00\" \/>\n<meta name=\"twitter:card\" content=\"summary_large_image\" \/>\n<meta name=\"twitter:label1\" content=\"Dur\u00e9e de lecture estim\u00e9e\" \/>\n\t<meta name=\"twitter:data1\" content=\"3 minutes\" \/>\n<script type=\"application\/ld+json\" class=\"yoast-schema-graph\">{\"@context\":\"https:\\\/\\\/schema.org\",\"@graph\":[{\"@type\":\"WebPage\",\"@id\":\"https:\\\/\\\/www.rebecchigroup.it\\\/storia\\\/\",\"url\":\"https:\\\/\\\/www.rebecchigroup.it\\\/storia\\\/\",\"name\":\"Histoire - Rebecchi Group\",\"isPartOf\":{\"@id\":\"https:\\\/\\\/www.rebecchigroup.it\\\/#website\"},\"datePublished\":\"2021-06-24T14:54:13+00:00\",\"dateModified\":\"2021-06-24T14:54:14+00:00\",\"breadcrumb\":{\"@id\":\"https:\\\/\\\/www.rebecchigroup.it\\\/storia\\\/#breadcrumb\"},\"inLanguage\":\"fr-FR\",\"potentialAction\":[{\"@type\":\"ReadAction\",\"target\":[\"https:\\\/\\\/www.rebecchigroup.it\\\/storia\\\/\"]}]},{\"@type\":\"BreadcrumbList\",\"@id\":\"https:\\\/\\\/www.rebecchigroup.it\\\/storia\\\/#breadcrumb\",\"itemListElement\":[{\"@type\":\"ListItem\",\"position\":1,\"name\":\"Home\",\"item\":\"https:\\\/\\\/www.rebecchigroup.it\\\/fr\\\/\"},{\"@type\":\"ListItem\",\"position\":2,\"name\":\"Histoire\"}]},{\"@type\":\"WebSite\",\"@id\":\"https:\\\/\\\/www.rebecchigroup.it\\\/#website\",\"url\":\"https:\\\/\\\/www.rebecchigroup.it\\\/\",\"name\":\"Rebecchi Group\",\"description\":\"Sinergia, flessibilit\u00e0 e soluzioni integrate.\",\"potentialAction\":[{\"@type\":\"SearchAction\",\"target\":{\"@type\":\"EntryPoint\",\"urlTemplate\":\"https:\\\/\\\/www.rebecchigroup.it\\\/?s={search_term_string}\"},\"query-input\":{\"@type\":\"PropertyValueSpecification\",\"valueRequired\":true,\"valueName\":\"search_term_string\"}}],\"inLanguage\":\"fr-FR\"}]}<\/script>\n<!-- \/ Yoast SEO plugin. -->","yoast_head_json":{"title":"Histoire - Rebecchi Group","robots":{"index":"index","follow":"follow","max-snippet":"max-snippet:-1","max-image-preview":"max-image-preview:large","max-video-preview":"max-video-preview:-1"},"canonical":"https:\/\/www.rebecchigroup.it\/storia\/","og_locale":"fr_FR","og_type":"article","og_title":"Histoire - Rebecchi Group","og_description":"[vc_row row_height_percent=\u00a0\u00bb65&Prime; override_padding=\u00a0\u00bbyes\u00a0\u00bb h_padding=\u00a0\u00bb2&Prime; top_padding=\u00a0\u00bb2&Prime; bottom_padding=\u00a0\u00bb0&Prime; back_image=\u00a0\u00bb228&Prime; overlay_alpha=\u00a0\u00bb50&Prime; gutter_size=\u00a0\u00bb3&Prime; column_width_percent=\u00a0\u00bb100&Prime; shift_y=\u00a0\u00bb0&Prime; z_index=\u00a0\u00bb0&Prime;][vc_column column_width_percent=\u00a0\u00bb100&Prime; position_horizontal=\u00a0\u00bbleft\u00a0\u00bb position_vertical=\u00a0\u00bbmiddle\u00a0\u00bb gutter_size=\u00a0\u00bb3&Prime; style=\u00a0\u00bbdark\u00a0\u00bb overlay_alpha=\u00a0\u00bb50&Prime; shift_x=\u00a0\u00bb0&Prime; shift_y=\u00a0\u00bb0&Prime; [&hellip;]","og_url":"https:\/\/www.rebecchigroup.it\/storia\/","og_site_name":"Rebecchi Group","article_modified_time":"2021-06-24T14:54:14+00:00","twitter_card":"summary_large_image","twitter_misc":{"Dur\u00e9e de lecture estim\u00e9e":"3 minutes"},"schema":{"@context":"https:\/\/schema.org","@graph":[{"@type":"WebPage","@id":"https:\/\/www.rebecchigroup.it\/storia\/","url":"https:\/\/www.rebecchigroup.it\/storia\/","name":"Histoire - Rebecchi Group","isPartOf":{"@id":"https:\/\/www.rebecchigroup.it\/#website"},"datePublished":"2021-06-24T14:54:13+00:00","dateModified":"2021-06-24T14:54:14+00:00","breadcrumb":{"@id":"https:\/\/www.rebecchigroup.it\/storia\/#breadcrumb"},"inLanguage":"fr-FR","potentialAction":[{"@type":"ReadAction","target":["https:\/\/www.rebecchigroup.it\/storia\/"]}]},{"@type":"BreadcrumbList","@id":"https:\/\/www.rebecchigroup.it\/storia\/#breadcrumb","itemListElement":[{"@type":"ListItem","position":1,"name":"Home","item":"https:\/\/www.rebecchigroup.it\/fr\/"},{"@type":"ListItem","position":2,"name":"Histoire"}]},{"@type":"WebSite","@id":"https:\/\/www.rebecchigroup.it\/#website","url":"https:\/\/www.rebecchigroup.it\/","name":"Rebecchi Group","description":"Sinergia, flessibilit\u00e0 e soluzioni integrate.","potentialAction":[{"@type":"SearchAction","target":{"@type":"EntryPoint","urlTemplate":"https:\/\/www.rebecchigroup.it\/?s={search_term_string}"},"query-input":{"@type":"PropertyValueSpecification","valueRequired":true,"valueName":"search_term_string"}}],"inLanguage":"fr-FR"}]}},"_links":{"self":[{"href":"https:\/\/www.rebecchigroup.it\/fr\/wp-json\/wp\/v2\/pages\/2323","targetHints":{"allow":["GET"]}}],"collection":[{"href":"https:\/\/www.rebecchigroup.it\/fr\/wp-json\/wp\/v2\/pages"}],"about":[{"href":"https:\/\/www.rebecchigroup.it\/fr\/wp-json\/wp\/v2\/types\/page"}],"author":[{"embeddable":true,"href":"https:\/\/www.rebecchigroup.it\/fr\/wp-json\/wp\/v2\/users\/1"}],"replies":[{"embeddable":true,"href":"https:\/\/www.rebecchigroup.it\/fr\/wp-json\/wp\/v2\/comments?post=2323"}],"version-history":[{"count":2,"href":"https:\/\/www.rebecchigroup.it\/fr\/wp-json\/wp\/v2\/pages\/2323\/revisions"}],"predecessor-version":[{"id":2326,"href":"https:\/\/www.rebecchigroup.it\/fr\/wp-json\/wp\/v2\/pages\/2323\/revisions\/2326"}],"wp:attachment":[{"href":"https:\/\/www.rebecchigroup.it\/fr\/wp-json\/wp\/v2\/media?parent=2323"}],"curies":[{"name":"wp","href":"https:\/\/api.w.org\/{rel}","templated":true}]}}